{"id":19,"date":"2020-02-04T14:41:00","date_gmt":"2020-02-04T14:41:00","guid":{"rendered":"https:\/\/ptgks.com\/?page_id=19"},"modified":"2020-02-11T08:43:14","modified_gmt":"2020-02-11T08:43:14","slug":"konkurs-pune","status":"publish","type":"page","link":"https:\/\/ptgks.com\/index.php\/konkurs-pune\/","title":{"rendered":"Konkurs Pune"},"content":{"rendered":"<p>[et_pb_section fb_built=&#8221;1&#8243; fullwidth=&#8221;on&#8221; _builder_version=&#8221;4.2.2&#8243;][et_pb_fullwidth_header title=&#8221;Konkurs pune&#8221; _builder_version=&#8221;4.3.2&#8243; title_font=&#8221;Open Sans|600|||||||&#8221; title_text_align=&#8221;center&#8221; title_font_size=&#8221;60px&#8221; background_image=&#8221;https:\/\/ptgks.com\/wp-content\/uploads\/2020\/02\/KONKURS123-01.jpg&#8221; custom_margin=&#8221;-122px||||false|false&#8221; custom_padding=&#8221;140px||140px||true|false&#8221;][\/et_pb_fullwidth_header][\/et_pb_section][et_pb_section fb_built=&#8221;1&#8243; module_id=&#8221;company-section&#8221; _builder_version=&#8221;4.2.2&#8243; custom_padding=&#8221;159px||50px||false|false&#8221; top_divider_style=&#8221;arrow&#8221; top_divider_color=&#8221;rgba(216,216,216,0.9)&#8221;][et_pb_row column_structure=&#8221;1_2,1_2&#8243; use_custom_gutter=&#8221;on&#8221; gutter_width=&#8221;2&#8243; make_equal=&#8221;on&#8221; _builder_version=&#8221;4.3.2&#8243; width=&#8221;70%&#8221; max_width=&#8221;70%&#8221; custom_padding=&#8221;0px||0px||true|false&#8221;][et_pb_column type=&#8221;1_2&#8243; _builder_version=&#8221;4.2.2&#8243;][et_pb_text _builder_version=&#8221;4.3.2&#8243; text_font=&#8221;|600|||||||&#8221; text_text_color=&#8221;#ff0000&#8243; text_font_size=&#8221;1.9em&#8221; text_line_height=&#8221;1.2em&#8221; locked=&#8221;off&#8221;]<\/p>\n<p>T\u00eb punosh n\u00eb Exclusive Group<\/p>\n<p>[\/et_pb_text][et_pb_text _builder_version=&#8221;4.3.2&#8243; text_font_size=&#8221;15px&#8221; custom_margin=&#8221;10px||15px||false|false&#8221;]<\/p>\n<p>N\u00ebse ju jeni individ kreativ, dinamik dhe i motivuar p\u00ebr t\u00eb zhvilluar karrier\u00ebn tuaj.<br \/> Ne ju ofrojm\u00eb paga konkurruese, mund\u00ebsi p\u00ebr zhvillim t\u00eb karrier\u00ebs, dhe pun\u00eb t\u00eb shk\u00eblqyer grupore.<br \/> Ne gjithashtu ofrojm\u00eb mund\u00ebsi pun\u00ebsimi n\u00eb nj\u00eb ambient modern dhe dinamik.<br \/> Mund\u00ebsi p\u00ebr zhvillim t\u00eb karrier\u00ebs dhe pun\u00eb t\u00eb shk\u00eblqyer ekipore.<\/p>\n<p>[\/et_pb_text][et_pb_text _builder_version=&#8221;4.3.2&#8243; text_font=&#8221;|700|||||||&#8221; text_text_color=&#8221;#ff0000&#8243; link_font=&#8221;|700|||||||&#8221; link_text_color=&#8221;#ff0000&#8243; link_option_url=&#8221;#&#8221; hover_enabled=&#8221;0&#8243; text_text_color__hover_enabled=&#8221;on|hover&#8221; text_text_color__hover=&#8221;rgba(0,0,0,0)&#8221; link_text_color__hover_enabled=&#8221;on|hover&#8221; link_text_color__hover=&#8221;#e09900&#8243;]<\/p>\n<p><a href=\"https:\/\/ptgks.com\/wp-content\/uploads\/2020\/02\/Aplikacion-Pune-Exclusive-Group.docx\">&lt;&lt; KLIKO KETU P\u00cbR SHKARKIMIN E APLIKACIONIT &gt;&gt;<\/a><\/p>\n<p>[\/et_pb_text][\/et_pb_column][et_pb_column type=&#8221;1_2&#8243; _builder_version=&#8221;4.2.2&#8243;][et_pb_code _builder_version=&#8221;4.3.2&#8243; custom_padding=&#8221;|0px||0px|false|true&#8221;][contact-form-7 id=&#8221;335&#8243; title=&#8221;Contact form 1&#8243;][\/et_pb_code][\/et_pb_column][\/et_pb_row][\/et_pb_section]<\/p>\n","protected":false},"excerpt":{"rendered":"<p>T\u00eb punosh n\u00eb Exclusive GroupN\u00ebse ju jeni individ kreativ, dinamik dhe i motivuar p\u00ebr t\u00eb zhvilluar karrier\u00ebn tuaj. Ne ju ofrojm\u00eb paga konkurruese, mund\u00ebsi p\u00ebr zhvillim t\u00eb karrier\u00ebs, dhe pun\u00eb t\u00eb shk\u00eblqyer grupore. Ne gjithashtu ofrojm\u00eb mund\u00ebsi pun\u00ebsimi n\u00eb nj\u00eb ambient modern dhe dinamik. Mund\u00ebsi p\u00ebr zhvillim t\u00eb karrier\u00ebs dhe pun\u00eb t\u00eb shk\u00eblqyer ekipore.&lt;&lt; KLIKO [&hellip;]<\/p>\n","protected":false},"author":1,"featured_media":0,"parent":0,"menu_order":0,"comment_status":"closed","ping_status":"closed","template":"","meta":{"_et_pb_use_builder":"on","_et_pb_old_content":"","_et_gb_content_width":"","footnotes":""},"class_list":["post-19","page","type-page","status-publish","hentry"],"_links":{"self":[{"href":"https:\/\/ptgks.com\/index.php\/wp-json\/wp\/v2\/pages\/19","targetHints":{"allow":["GET"]}}],"collection":[{"href":"https:\/\/ptgks.com\/index.php\/wp-json\/wp\/v2\/pages"}],"about":[{"href":"https:\/\/ptgks.com\/index.php\/wp-json\/wp\/v2\/types\/page"}],"author":[{"embeddable":true,"href":"https:\/\/ptgks.com\/index.php\/wp-json\/wp\/v2\/users\/1"}],"replies":[{"embeddable":true,"href":"https:\/\/ptgks.com\/index.php\/wp-json\/wp\/v2\/comments?post=19"}],"version-history":[{"count":14,"href":"https:\/\/ptgks.com\/index.php\/wp-json\/wp\/v2\/pages\/19\/revisions"}],"predecessor-version":[{"id":350,"href":"https:\/\/ptgks.com\/index.php\/wp-json\/wp\/v2\/pages\/19\/revisions\/350"}],"wp:attachment":[{"href":"https:\/\/ptgks.com\/index.php\/wp-json\/wp\/v2\/media?parent=19"}],"curies":[{"name":"wp","href":"https:\/\/api.w.org\/{rel}","templated":true}]}}